


{"id":2323,"date":"2023-06-27T14:41:53","date_gmt":"2023-06-27T14:41:53","guid":{"rendered":"http:\/\/stacjaimpreza.eu\/?page_id=2323"},"modified":"2023-06-30T16:09:45","modified_gmt":"2023-06-30T16:09:45","slug":"wesele","status":"publish","type":"page","link":"https:\/\/stacjaimpreza.eu\/?page_id=2323","title":{"rendered":"Wesele"},"content":{"rendered":"<p>[et_pb_section fb_built=&#8221;1&#8243; admin_label=&#8221;Header&#8221; _builder_version=&#8221;4.20.0&#8243; _module_preset=&#8221;default&#8221; background_color=&#8221;gcid-05864f7b-18b4-424d-8937-0b09a7c6a082&#8243; collapsed=&#8221;on&#8221; global_colors_info=&#8221;{%22gcid-05864f7b-18b4-424d-8937-0b09a7c6a082%22:%91%22background_color%22%93}&#8221;][et_pb_row _builder_version=&#8221;4.20.0&#8243; _module_preset=&#8221;default&#8221; global_colors_info=&#8221;{}&#8221;][et_pb_column type=&#8221;4_4&#8243; _builder_version=&#8221;4.20.0&#8243; _module_preset=&#8221;default&#8221; global_colors_info=&#8221;{}&#8221;][et_pb_text _builder_version=&#8221;4.18.0&#8243; _module_preset=&#8221;3105b8df-f91a-4da3-8317-acff79bf8974&#8243; header_4_text_color=&#8221;gcid-6e7959be-8245-4834-bd10-bf3c875e7c87&#8243; text_orientation=&#8221;center&#8221; hover_enabled=&#8221;0&#8243; global_colors_info=&#8221;{%22gcid-6e7959be-8245-4834-bd10-bf3c875e7c87%22:%91%22header_4_text_color%22%93}&#8221; sticky_enabled=&#8221;0&#8243;]<\/p>\n<p><strong><em>Organizacja ciekawego wesela\u00a0 stanowi \u015bwietn\u0105 okazj\u0119 do stworzenia przytulnej i intymnej atmosfery.<\/em><\/strong><\/p>\n<p>[\/et_pb_text][et_pb_text _builder_version=&#8221;4.20.0&#8243; _module_preset=&#8221;19e28f5c-d1a4-4f6b-b1ec-15aa1ce20206&#8243; header_text_color=&#8221;gcid-6e7959be-8245-4834-bd10-bf3c875e7c87&#8243; text_orientation=&#8221;center&#8221; global_colors_info=&#8221;{%22gcid-6e7959be-8245-4834-bd10-bf3c875e7c87%22:%91%22header_text_color%22%93}&#8221;]<\/p>\n<h1><span><\/span><\/h1>\n<p><span><\/span><\/p>\n<h1><\/h1>\n<h1><span><\/span><\/h1>\n<h1><span><\/span><\/h1>\n<h1><span>Oto 5 pomys\u0142\u00f3w, kt\u00f3re mog\u0105 uczyni\u0107 to wydarzenie wyj\u0105tkowym<\/span><\/h1>\n<p>[\/et_pb_text][\/et_pb_column][\/et_pb_row][\/et_pb_section][et_pb_section fb_built=&#8221;1&#8243; admin_label=&#8221;Services&#8221; _builder_version=&#8221;4.20.0&#8243; _module_preset=&#8221;default&#8221; background_color=&#8221;gcid-05864f7b-18b4-424d-8937-0b09a7c6a082&#8243; collapsed=&#8221;on&#8221; global_colors_info=&#8221;{%22gcid-05864f7b-18b4-424d-8937-0b09a7c6a082%22:%91%22background_color%22%93}&#8221;][et_pb_row column_structure=&#8221;1_5,3_5,1_5&#8243; make_equal=&#8221;on&#8221; _builder_version=&#8221;4.20.0&#8243; _module_preset=&#8221;default&#8221; border_width_bottom=&#8221;2px&#8221; border_color_bottom=&#8221;#D4D4D4&#8243; global_colors_info=&#8221;{}&#8221;][et_pb_column type=&#8221;1_5&#8243; _builder_version=&#8221;4.20.0&#8243; _module_preset=&#8221;default&#8221; global_colors_info=&#8221;{}&#8221;][et_pb_image src=&#8221;https:\/\/stacjaimpreza.eu\/wp-content\/uploads\/2023\/06\/Event-coordinator_icon-01.png&#8221; title_text=&#8221;Event-coordinator_icon-01&#8243; align=&#8221;right&#8221; align_tablet=&#8221;left&#8221; align_phone=&#8221;left&#8221; align_last_edited=&#8221;on|tablet&#8221; _builder_version=&#8221;4.20.0&#8243; _module_preset=&#8221;default&#8221; global_colors_info=&#8221;{}&#8221;][\/et_pb_image][\/et_pb_column][et_pb_column type=&#8221;3_5&#8243; _builder_version=&#8221;4.20.0&#8243; _module_preset=&#8221;default&#8221; global_colors_info=&#8221;{}&#8221;][et_pb_text _builder_version=&#8221;4.20.0&#8243; _module_preset=&#8221;7ede17c3-b441-4c16-839a-7502caf01558&#8243; header_2_text_color=&#8221;gcid-6e7959be-8245-4834-bd10-bf3c875e7c87&#8243; custom_margin=&#8221;||0px||false|false&#8221; global_colors_info=&#8221;{%22gcid-6e7959be-8245-4834-bd10-bf3c875e7c87%22:%91%22header_2_text_color%22%93}&#8221;]<\/p>\n<h2><span>Wyb\u00f3r odpowiedniego miejsca: Klucz do udanej imprezy<\/span><\/h2>\n<p>[\/et_pb_text][et_pb_text _builder_version=&#8221;4.18.0&#8243; _module_preset=&#8221;720baa79-a182-4fb4-952e-f4f4c5d12087&#8243; text_text_color=&#8221;gcid-6e7959be-8245-4834-bd10-bf3c875e7c87&#8243; global_colors_info=&#8221;{%22gcid-6e7959be-8245-4834-bd10-bf3c875e7c87%22:%91%22text_text_color%22%93}&#8221;]<\/p>\n<p><span>Wynajem sali na wesele to kluczowy krok w organizacji tego wyj\u0105tkowego dnia. Dowiedz si\u0119, jak dokona\u0107 w\u0142a\u015bciwego wyboru lokalizacji, kt\u00f3ra spe\u0142ni wszystkie Twoje oczekiwania.<\/span><\/p>\n<p>[\/et_pb_text][\/et_pb_column][et_pb_column type=&#8221;1_5&#8243; _builder_version=&#8221;4.20.0&#8243; _module_preset=&#8221;default&#8221; global_colors_info=&#8221;{}&#8221;][\/et_pb_column][\/et_pb_row][et_pb_row column_structure=&#8221;1_5,3_5,1_5&#8243; make_equal=&#8221;on&#8221; _builder_version=&#8221;4.20.0&#8243; _module_preset=&#8221;default&#8221; border_width_bottom=&#8221;2px&#8221; border_color_bottom=&#8221;#D4D4D4&#8243; locked=&#8221;off&#8221; global_colors_info=&#8221;{}&#8221;][et_pb_column type=&#8221;1_5&#8243; _builder_version=&#8221;4.20.0&#8243; _module_preset=&#8221;default&#8221; global_colors_info=&#8221;{}&#8221;][et_pb_image src=&#8221;https:\/\/stacjaimpreza.eu\/wp-content\/uploads\/2023\/06\/Event-coordinator_icon-02.png&#8221; title_text=&#8221;Event-coordinator_icon-02&#8243; align=&#8221;right&#8221; align_tablet=&#8221;left&#8221; align_phone=&#8221;left&#8221; align_last_edited=&#8221;on|tablet&#8221; _builder_version=&#8221;4.20.0&#8243; _module_preset=&#8221;default&#8221; global_colors_info=&#8221;{}&#8221;][\/et_pb_image][\/et_pb_column][et_pb_column type=&#8221;3_5&#8243; _builder_version=&#8221;4.20.0&#8243; _module_preset=&#8221;default&#8221; global_colors_info=&#8221;{}&#8221;][et_pb_text _builder_version=&#8221;4.20.0&#8243; _module_preset=&#8221;7ede17c3-b441-4c16-839a-7502caf01558&#8243; header_2_text_color=&#8221;gcid-6e7959be-8245-4834-bd10-bf3c875e7c87&#8243; custom_margin=&#8221;||0px||false|false&#8221; global_colors_info=&#8221;{%22gcid-6e7959be-8245-4834-bd10-bf3c875e7c87%22:%91%22header_2_text_color%22%93}&#8221;]<\/p>\n<h2><span>Interaktywne elementy<\/span><\/h2>\n<p>[\/et_pb_text][et_pb_text _builder_version=&#8221;4.18.0&#8243; _module_preset=&#8221;720baa79-a182-4fb4-952e-f4f4c5d12087&#8243; text_text_color=&#8221;gcid-6e7959be-8245-4834-bd10-bf3c875e7c87&#8243; global_colors_info=&#8221;{%22gcid-6e7959be-8245-4834-bd10-bf3c875e7c87%22:%91%22text_text_color%22%93}&#8221;]<\/p>\n<p><span>\u00a0Wprowad\u017acie elementy interaktywne, kt\u00f3re zaanga\u017cuj\u0105 Waszych go\u015bci. Mo\u017ce to by\u0107 stacja DIY, na kt\u00f3rej mog\u0105 samodzielnie tworzy\u0107 pami\u0105tki, takie jak personalizowane magnesy czy bransoletki. Innym pomys\u0142em jest przygotowanie kr\u00f3tkich gier i konkurs\u00f3w dla go\u015bci, kt\u00f3re dodadz\u0105 zabawy i integracji.<\/span><\/p>\n<p>[\/et_pb_text][\/et_pb_column][et_pb_column type=&#8221;1_5&#8243; _builder_version=&#8221;4.20.0&#8243; _module_preset=&#8221;default&#8221; global_colors_info=&#8221;{}&#8221;][\/et_pb_column][\/et_pb_row][et_pb_row column_structure=&#8221;1_5,3_5,1_5&#8243; make_equal=&#8221;on&#8221; _builder_version=&#8221;4.20.0&#8243; _module_preset=&#8221;default&#8221; border_width_bottom=&#8221;2px&#8221; border_color_bottom=&#8221;#D4D4D4&#8243; locked=&#8221;off&#8221; global_colors_info=&#8221;{}&#8221;][et_pb_column type=&#8221;1_5&#8243; _builder_version=&#8221;4.20.0&#8243; _module_preset=&#8221;default&#8221; global_colors_info=&#8221;{}&#8221;][et_pb_image src=&#8221;https:\/\/stacjaimpreza.eu\/wp-content\/uploads\/2023\/06\/Event-coordinator_icon-03.png&#8221; title_text=&#8221;Event-coordinator_icon-03&#8243; align=&#8221;right&#8221; align_tablet=&#8221;left&#8221; align_phone=&#8221;left&#8221; align_last_edited=&#8221;on|tablet&#8221; _builder_version=&#8221;4.20.0&#8243; _module_preset=&#8221;default&#8221; global_colors_info=&#8221;{}&#8221;][\/et_pb_image][\/et_pb_column][et_pb_column type=&#8221;3_5&#8243; _builder_version=&#8221;4.20.0&#8243; _module_preset=&#8221;default&#8221; global_colors_info=&#8221;{}&#8221;][et_pb_text _builder_version=&#8221;4.20.0&#8243; _module_preset=&#8221;7ede17c3-b441-4c16-839a-7502caf01558&#8243; header_2_text_color=&#8221;gcid-6e7959be-8245-4834-bd10-bf3c875e7c87&#8243; custom_margin=&#8221;||0px||false|false&#8221; global_colors_info=&#8221;{%22gcid-6e7959be-8245-4834-bd10-bf3c875e7c87%22:%91%22header_2_text_color%22%93}&#8221;]<\/p>\n<h2><span>Motyw wesela: Wybierz unikalny motyw, kt\u00f3ry doda uroku i sp\u00f3jno\u015bci ca\u0142ej uroczysto\u015bci. <\/span><\/h2>\n<p>[\/et_pb_text][et_pb_text _builder_version=&#8221;4.20.0&#8243; _module_preset=&#8221;720baa79-a182-4fb4-952e-f4f4c5d12087&#8243; text_text_color=&#8221;gcid-6e7959be-8245-4834-bd10-bf3c875e7c87&#8243; global_colors_info=&#8221;{%22gcid-6e7959be-8245-4834-bd10-bf3c875e7c87%22:%91%22text_text_color%22%93}&#8221;]<\/p>\n<p><span>Mo\u017ce to by\u0107 co\u015b, co was \u0142\u0105czy jako par\u0119, np. wsp\u00f3lne zainteresowania, ulubiona era, kultura czy film. Dzi\u0119ki temu mo\u017cecie zadba\u0107 o dekoracje, stroje, a nawet menu w zwi\u0105zku z wybranym motywem, co nadaje imprezie niepowtarzalnego charakteru.<\/span><\/p>\n<p>[\/et_pb_text][\/et_pb_column][et_pb_column type=&#8221;1_5&#8243; _builder_version=&#8221;4.20.0&#8243; _module_preset=&#8221;default&#8221; global_colors_info=&#8221;{}&#8221;][\/et_pb_column][\/et_pb_row][et_pb_row column_structure=&#8221;1_5,3_5,1_5&#8243; make_equal=&#8221;on&#8221; _builder_version=&#8221;4.20.0&#8243; _module_preset=&#8221;default&#8221; border_width_bottom=&#8221;2px&#8221; border_color_bottom=&#8221;#D4D4D4&#8243; locked=&#8221;off&#8221; global_colors_info=&#8221;{}&#8221;][et_pb_column type=&#8221;1_5&#8243; _builder_version=&#8221;4.20.0&#8243; _module_preset=&#8221;default&#8221; global_colors_info=&#8221;{}&#8221;][et_pb_image src=&#8221;https:\/\/stacjaimpreza.eu\/wp-content\/uploads\/2023\/06\/Event-coordinator_icon-07.png&#8221; title_text=&#8221;Event-coordinator_icon-07&#8243; align=&#8221;right&#8221; align_tablet=&#8221;left&#8221; align_phone=&#8221;left&#8221; align_last_edited=&#8221;on|tablet&#8221; _builder_version=&#8221;4.20.0&#8243; _module_preset=&#8221;default&#8221; global_colors_info=&#8221;{}&#8221;][\/et_pb_image][\/et_pb_column][et_pb_column type=&#8221;3_5&#8243; _builder_version=&#8221;4.20.0&#8243; _module_preset=&#8221;default&#8221; global_colors_info=&#8221;{}&#8221;][et_pb_text _builder_version=&#8221;4.20.0&#8243; _module_preset=&#8221;7ede17c3-b441-4c16-839a-7502caf01558&#8243; header_2_text_color=&#8221;gcid-6e7959be-8245-4834-bd10-bf3c875e7c87&#8243; custom_margin=&#8221;||0px||false|false&#8221; global_colors_info=&#8221;{%22gcid-6e7959be-8245-4834-bd10-bf3c875e7c87%22:%91%22header_2_text_color%22%93}&#8221;]<\/p>\n<h2><span>Wyj\u0105tkowa oprawa muzyczna<\/span><\/h2>\n<p>[\/et_pb_text][et_pb_text _builder_version=&#8221;4.20.0&#8243; _module_preset=&#8221;720baa79-a182-4fb4-952e-f4f4c5d12087&#8243; text_text_color=&#8221;gcid-6e7959be-8245-4834-bd10-bf3c875e7c87&#8243; global_colors_info=&#8221;{%22gcid-6e7959be-8245-4834-bd10-bf3c875e7c87%22:%91%22text_text_color%22%93}&#8221;]<\/p>\n<p><span> Muzyka ma ogromny wp\u0142yw na atmosfer\u0119 wesela. Skorzystajcie z zalet niewielkiej sali i zorganizujcie wyst\u0119p lokalnego zespo\u0142u lub muzyk\u00f3w, kt\u00f3rzy zagraj\u0105 na \u017cywo. Mo\u017cecie te\u017c zorganizowa\u0107 bardziej nietypowy wyst\u0119p, np. pokaz ta\u0144ca, kt\u00f3ry zaskoczy i zachwyci Waszych go\u015bci.<\/span><\/p>\n<p>[\/et_pb_text][\/et_pb_column][et_pb_column type=&#8221;1_5&#8243; _builder_version=&#8221;4.20.0&#8243; _module_preset=&#8221;default&#8221; global_colors_info=&#8221;{}&#8221;][\/et_pb_column][\/et_pb_row][et_pb_row column_structure=&#8221;1_5,3_5,1_5&#8243; make_equal=&#8221;on&#8221; _builder_version=&#8221;4.20.0&#8243; _module_preset=&#8221;default&#8221; border_width_bottom=&#8221;2px&#8221; border_color_bottom=&#8221;#D4D4D4&#8243; locked=&#8221;off&#8221; global_colors_info=&#8221;{}&#8221;][et_pb_column type=&#8221;1_5&#8243; _builder_version=&#8221;4.20.0&#8243; _module_preset=&#8221;default&#8221; global_colors_info=&#8221;{}&#8221;][et_pb_image src=&#8221;https:\/\/stacjaimpreza.eu\/wp-content\/uploads\/2023\/06\/Event-coordinator_icon-08.png&#8221; title_text=&#8221;Event-coordinator_icon-08&#8243; align=&#8221;right&#8221; align_tablet=&#8221;left&#8221; align_phone=&#8221;left&#8221; align_last_edited=&#8221;on|tablet&#8221; _builder_version=&#8221;4.20.0&#8243; _module_preset=&#8221;default&#8221; global_colors_info=&#8221;{}&#8221;][\/et_pb_image][\/et_pb_column][et_pb_column type=&#8221;3_5&#8243; _builder_version=&#8221;4.20.0&#8243; _module_preset=&#8221;default&#8221; global_colors_info=&#8221;{}&#8221;][et_pb_text _builder_version=&#8221;4.20.0&#8243; _module_preset=&#8221;7ede17c3-b441-4c16-839a-7502caf01558&#8243; header_2_text_color=&#8221;gcid-6e7959be-8245-4834-bd10-bf3c875e7c87&#8243; custom_margin=&#8221;||0px||false|false&#8221; global_colors_info=&#8221;{%22gcid-6e7959be-8245-4834-bd10-bf3c875e7c87%22:%91%22header_2_text_color%22%93}&#8221;]<\/p>\n<h2><span>Strefy tematyczne<\/span><\/h2>\n<p>[\/et_pb_text][et_pb_text _builder_version=&#8221;4.20.0&#8243; _module_preset=&#8221;720baa79-a182-4fb4-952e-f4f4c5d12087&#8243; text_text_color=&#8221;gcid-6e7959be-8245-4834-bd10-bf3c875e7c87&#8243; global_colors_info=&#8221;{%22gcid-6e7959be-8245-4834-bd10-bf3c875e7c87%22:%91%22text_text_color%22%93}&#8221;]<\/p>\n<p><span>Podzielcie sal\u0119 na kilka tematycznych stref, kt\u00f3re mog\u0105 zainteresowa\u0107 Waszych go\u015bci. Mo\u017cecie mie\u0107 stref\u0119 gier planszowych, k\u0105cik z fotobudk\u0105, niewielki parkiet do ta\u0144czenia, a nawet k\u0105cik kulinarnej eksploracji z r\u00f3\u017cnymi przysmakami.<\/span><\/p>\n<p>[\/et_pb_text][\/et_pb_column][et_pb_column type=&#8221;1_5&#8243; _builder_version=&#8221;4.20.0&#8243; _module_preset=&#8221;default&#8221; global_colors_info=&#8221;{}&#8221;][\/et_pb_column][\/et_pb_row][et_pb_row column_structure=&#8221;1_5,3_5,1_5&#8243; make_equal=&#8221;on&#8221; _builder_version=&#8221;4.20.0&#8243; _module_preset=&#8221;default&#8221; border_width_bottom=&#8221;2px&#8221; border_color_bottom=&#8221;#D4D4D4&#8243; locked=&#8221;off&#8221; global_colors_info=&#8221;{}&#8221;][et_pb_column type=&#8221;1_5&#8243; _builder_version=&#8221;4.20.0&#8243; _module_preset=&#8221;default&#8221; global_colors_info=&#8221;{}&#8221;][et_pb_image src=&#8221;https:\/\/stacjaimpreza.eu\/wp-content\/uploads\/2023\/06\/Event-coordinator_icon-01.png&#8221; title_text=&#8221;Event-coordinator_icon-01&#8243; align=&#8221;right&#8221; align_tablet=&#8221;left&#8221; align_phone=&#8221;left&#8221; align_last_edited=&#8221;on|tablet&#8221; _builder_version=&#8221;4.18.0&#8243; _module_preset=&#8221;default&#8221; global_colors_info=&#8221;{}&#8221;][\/et_pb_image][\/et_pb_column][et_pb_column type=&#8221;3_5&#8243; _builder_version=&#8221;4.20.0&#8243; _module_preset=&#8221;default&#8221; global_colors_info=&#8221;{}&#8221;][et_pb_text _builder_version=&#8221;4.20.0&#8243; _module_preset=&#8221;7ede17c3-b441-4c16-839a-7502caf01558&#8243; header_2_text_color=&#8221;gcid-6e7959be-8245-4834-bd10-bf3c875e7c87&#8243; custom_margin=&#8221;||0px||false|false&#8221; global_colors_info=&#8221;{%22gcid-6e7959be-8245-4834-bd10-bf3c875e7c87%22:%91%22header_2_text_color%22%93}&#8221;]<\/p>\n<h2><span>Wyb\u00f3r sali w Gdyni na imprezy okoliczno\u015bciowe: Znajd\u017a miejsce marze\u0144<\/span><\/h2>\n<p>[\/et_pb_text][et_pb_text _builder_version=&#8221;4.18.0&#8243; _module_preset=&#8221;720baa79-a182-4fb4-952e-f4f4c5d12087&#8243; text_text_color=&#8221;gcid-6e7959be-8245-4834-bd10-bf3c875e7c87&#8243; global_colors_info=&#8221;{%22gcid-6e7959be-8245-4834-bd10-bf3c875e7c87%22:%91%22text_text_color%22%93}&#8221;]<\/p>\n<p><span>Je\u015bli marzysz o romantycznym weselu w Gda\u0144sku lub Gdyni poszukaj sal, kt\u00f3re spe\u0142ni\u0105 Twoje oczekiwania. Przyjrzyj si\u0119 r\u00f3\u017cnorodno\u015bci lokalnych opcji i wybierz to, kt\u00f3re najlepiej odpowiada Twoim potrzebom.<\/span><\/p>\n<p>[\/et_pb_text][\/et_pb_column][et_pb_column type=&#8221;1_5&#8243; _builder_version=&#8221;4.20.0&#8243; _module_preset=&#8221;default&#8221; global_colors_info=&#8221;{}&#8221;][\/et_pb_column][\/et_pb_row][\/et_pb_section][et_pb_section fb_built=&#8221;1&#8243; admin_label=&#8221;Call to Action&#8221; _builder_version=&#8221;4.20.0&#8243; _module_preset=&#8221;default&#8221; background_color=&#8221;gcid-bc923e99-32b1-40f7-8d10-ee9c9a5b20e3&#8243; use_background_color_gradient=&#8221;on&#8221; background_color_gradient_stops=&#8221;gcid-05864f7b-18b4-424d-8937-0b09a7c6a082 15%|gcid-bc923e99-32b1-40f7-8d10-ee9c9a5b20e3 15%&#8221; background_last_edited=&#8221;on|desktop&#8221; use_background_color_gradient_tablet=&#8221;off&#8221; saved_tabs=&#8221;all&#8221; collapsed=&#8221;on&#8221; global_colors_info=&#8221;{%22gcid-bc923e99-32b1-40f7-8d10-ee9c9a5b20e3%22:%91%22background_color%22,%22background_color_gradient_stops%22%93,%22gcid-05864f7b-18b4-424d-8937-0b09a7c6a082%22:%91%22background_color_gradient_stops%22%93}&#8221;][et_pb_row column_structure=&#8221;1_2,1_2&#8243; _builder_version=&#8221;4.20.0&#8243; _module_preset=&#8221;default&#8221; global_colors_info=&#8221;{}&#8221;][et_pb_column type=&#8221;1_2&#8243; _builder_version=&#8221;4.20.0&#8243; _module_preset=&#8221;default&#8221; custom_padding=&#8221;120px||||false|false&#8221; custom_padding_tablet=&#8221;0px||60px||false|false&#8221; custom_padding_phone=&#8221;&#8221; custom_padding_last_edited=&#8221;on|tablet&#8221; global_colors_info=&#8221;{}&#8221;][et_pb_text _builder_version=&#8221;4.20.0&#8243; _module_preset=&#8221;7ede17c3-b441-4c16-839a-7502caf01558&#8243; header_2_text_color=&#8221;gcid-6e7959be-8245-4834-bd10-bf3c875e7c87&#8243; global_colors_info=&#8221;{%22gcid-6e7959be-8245-4834-bd10-bf3c875e7c87%22:%91%22header_2_text_color%22%93}&#8221;]<\/p>\n<h2>Wesele gdynia\u00a0<\/h2>\n<p>[\/et_pb_text][et_pb_text _builder_version=&#8221;4.20.0&#8243; _module_preset=&#8221;720baa79-a182-4fb4-952e-f4f4c5d12087&#8243; text_text_color=&#8221;gcid-6e7959be-8245-4834-bd10-bf3c875e7c87&#8243; global_colors_info=&#8221;{%22gcid-6e7959be-8245-4834-bd10-bf3c875e7c87%22:%91%22text_text_color%22%93}&#8221;]<\/p>\n<div class=\"flex-1 overflow-hidden\">\n<div class=\"react-scroll-to-bottom--css-frpkc-79elbk h-full dark:bg-gray-800\">\n<div class=\"react-scroll-to-bottom--css-frpkc-1n7m0yu\">\n<div class=\"flex flex-col text-sm dark:bg-gray-800\">\n<div class=\"group w-full text-gray-800 dark:text-gray-100 border-b border-black\/10 dark:border-gray-900\/50 bg-gray-50 dark:bg-[#444654]\">\n<div class=\"flex p-4 gap-4 text-base md:gap-6 md:max-w-2xl lg:max-w-[38rem] xl:max-w-3xl md:py-6 lg:px-0 m-auto\">\n<div class=\"relative flex w-[calc(100%-50px)] flex-col gap-1 md:gap-3 lg:w-[calc(100%-115px)]\">\n<div class=\"flex flex-grow flex-col gap-3\">\n<div class=\"flex items-start overflow-x-auto whitespace-pre-wrap break-words flex-col gap-4\">\n<div class=\"markdown prose w-full break-words dark:prose-invert light\">\n<p>Przygotowanie idealnej sali na wynajem na wesele to proces wymagaj\u0105cy uwagi i staranno\u015bci. Przemy\u015bl ka\u017cdy aspekt, zwracaj\u0105c uwag\u0119 na lokalizacj\u0119, dekoracje, catering i logistyk\u0119. Dzi\u0119ki temu z nasz\u0105 pomoc\u0105 stworzysz wyj\u0105tkowe miejsce, kt\u00f3re zadowoli zar\u00f3wno Ciebie, jak i Twoich go\u015bci, tworz\u0105c niezapomniane wspomnienia z tego wyj\u0105tkowego dnia.<\/p>\n<\/div>\n<\/div>\n<\/div>\n<\/div>\n<\/div>\n<\/div>\n<\/div>\n<\/div>\n<\/div>\n<\/div>\n<p>[\/et_pb_text][\/et_pb_column][et_pb_column type=&#8221;1_2&#8243; _builder_version=&#8221;4.20.0&#8243; _module_preset=&#8221;default&#8221; global_colors_info=&#8221;{}&#8221;][et_pb_image src=&#8221;https:\/\/stacjaimpreza.eu\/wp-content\/uploads\/2023\/06\/event-coordinator-53.jpg&#8221; title_text=&#8221;View More: https:\/\/suzijacobs.pass.us\/shaynekenny&#8221; align=&#8221;center&#8221; _builder_version=&#8221;4.20.0&#8243; _module_preset=&#8221;default&#8221; transform_rotate=&#8221;0deg|0deg|5deg&#8221; width=&#8221;80%&#8221; border_width_all=&#8221;10px&#8221; border_color_all=&#8221;#FFFFFF&#8221; border_width_bottom=&#8221;60px&#8221; box_shadow_style=&#8221;preset4&#8243; box_shadow_vertical=&#8221;20px&#8221; box_shadow_blur=&#8221;40px&#8221; box_shadow_color=&#8221;rgba(0,0,0,0.1)&#8221; global_colors_info=&#8221;{}&#8221;][\/et_pb_image][et_pb_image src=&#8221;https:\/\/stacjaimpreza.eu\/wp-content\/uploads\/2023\/06\/event-coordinator-10.png&#8221; title_text=&#8221;event-coordinator-10&#8243; _builder_version=&#8221;4.20.0&#8243; _module_preset=&#8221;default&#8221; transform_translate=&#8221;30%|-50%&#8221; transform_translate_linked=&#8221;off&#8221; positioning=&#8221;absolute&#8221; width=&#8221;20%&#8221; global_colors_info=&#8221;{}&#8221;][\/et_pb_image][et_pb_image src=&#8221;https:\/\/stacjaimpreza.eu\/wp-content\/uploads\/2023\/06\/event-coordinator-11.png&#8221; title_text=&#8221;event-coordinator-11&#8243; _builder_version=&#8221;4.20.0&#8243; _module_preset=&#8221;default&#8221; transform_translate=&#8221;30%|30%&#8221; transform_translate_linked=&#8221;off&#8221; positioning=&#8221;absolute&#8221; position_origin_a=&#8221;center_right&#8221; width=&#8221;30%&#8221; global_colors_info=&#8221;{}&#8221;][\/et_pb_image][\/et_pb_column][\/et_pb_row][\/et_pb_section]<\/p>\n","protected":false},"excerpt":{"rendered":"<p>Organizacja ciekawego wesela\u00a0 stanowi \u015bwietn\u0105 okazj\u0119 do stworzenia przytulnej i intymnej atmosfery. Oto 5 pomys\u0142\u00f3w, kt\u00f3re mog\u0105 uczyni\u0107 to wydarzenie wyj\u0105tkowymWyb\u00f3r odpowiedniego miejsca: Klucz do udanej imprezyWynajem sali na wesele to kluczowy krok w organizacji tego wyj\u0105tkowego dnia. Dowiedz si\u0119, jak dokona\u0107 w\u0142a\u015bciwego wyboru lokalizacji, kt\u00f3ra spe\u0142ni wszystkie Twoje oczekiwania.Interaktywne elementy\u00a0Wprowad\u017acie elementy interaktywne, kt\u00f3re zaanga\u017cuj\u0105 [&hellip;]<\/p>\n","protected":false},"author":1,"featured_media":0,"parent":0,"menu_order":0,"comment_status":"closed","ping_status":"closed","template":"","meta":{"_et_pb_use_builder":"on","_et_pb_old_content":"<!-- wp:divi\/placeholder \/-->","_et_gb_content_width":"","footnotes":""},"class_list":["post-2323","page","type-page","status-publish","hentry"],"aioseo_notices":[],"_links":{"self":[{"href":"https:\/\/stacjaimpreza.eu\/index.php?rest_route=\/wp\/v2\/pages\/2323","targetHints":{"allow":["GET"]}}],"collection":[{"href":"https:\/\/stacjaimpreza.eu\/index.php?rest_route=\/wp\/v2\/pages"}],"about":[{"href":"https:\/\/stacjaimpreza.eu\/index.php?rest_route=\/wp\/v2\/types\/page"}],"author":[{"embeddable":true,"href":"https:\/\/stacjaimpreza.eu\/index.php?rest_route=\/wp\/v2\/users\/1"}],"replies":[{"embeddable":true,"href":"https:\/\/stacjaimpreza.eu\/index.php?rest_route=%2Fwp%2Fv2%2Fcomments&post=2323"}],"version-history":[{"count":6,"href":"https:\/\/stacjaimpreza.eu\/index.php?rest_route=\/wp\/v2\/pages\/2323\/revisions"}],"predecessor-version":[{"id":2457,"href":"https:\/\/stacjaimpreza.eu\/index.php?rest_route=\/wp\/v2\/pages\/2323\/revisions\/2457"}],"wp:attachment":[{"href":"https:\/\/stacjaimpreza.eu\/index.php?rest_route=%2Fwp%2Fv2%2Fmedia&parent=2323"}],"curies":[{"name":"wp","href":"https:\/\/api.w.org\/{rel}","templated":true}]}}