


{"id":2317,"date":"2023-06-27T14:38:02","date_gmt":"2023-06-27T14:38:02","guid":{"rendered":"http:\/\/stacjaimpreza.eu\/?page_id=2317"},"modified":"2023-06-30T15:21:27","modified_gmt":"2023-06-30T15:21:27","slug":"wieczor-panienski","status":"publish","type":"page","link":"https:\/\/stacjaimpreza.eu\/?page_id=2317","title":{"rendered":"Wiecz\u00f3r Panie\u0144ski"},"content":{"rendered":"<p>[et_pb_section fb_built=&#8221;1&#8243; admin_label=&#8221;Header&#8221; _builder_version=&#8221;4.20.0&#8243; _module_preset=&#8221;default&#8221; background_color=&#8221;gcid-05864f7b-18b4-424d-8937-0b09a7c6a082&#8243; background_image=&#8221;https:\/\/stacjaimpreza.eu\/wp-content\/uploads\/2023\/06\/event-coordinator-23b.png&#8221; parallax=&#8221;on&#8221; collapsed=&#8221;on&#8221; global_colors_info=&#8221;{%22gcid-05864f7b-18b4-424d-8937-0b09a7c6a082%22:%91%22background_color%22%93}&#8221;][et_pb_row _builder_version=&#8221;4.20.0&#8243; _module_preset=&#8221;default&#8221; global_colors_info=&#8221;{}&#8221;][et_pb_column type=&#8221;4_4&#8243; _builder_version=&#8221;4.20.0&#8243; _module_preset=&#8221;default&#8221; global_colors_info=&#8221;{}&#8221;][et_pb_text _builder_version=&#8221;4.20.0&#8243; _module_preset=&#8221;bd5c0f43-2af1-421e-993c-4eb7e394b79a&#8221; global_colors_info=&#8221;{}&#8221;]<\/p>\n<h4>Event Coordinator<\/h4>\n<p>[\/et_pb_text][et_pb_text _builder_version=&#8221;4.20.0&#8243; _module_preset=&#8221;26110174-2508-4ad8-8dca-d89ff4f94f1a&#8221; locked=&#8221;off&#8221; global_colors_info=&#8221;{}&#8221;]<\/p>\n<h1><\/h1>\n<h1><span>5 Fantastycznych Pomys\u0142\u00f3w na Wiecz\u00f3r Panie\u0144ski\u00a0<\/span><\/h1>\n<h1><\/h1>\n<p>[\/et_pb_text][\/et_pb_column][\/et_pb_row][et_pb_row _builder_version=&#8221;4.18.0&#8243; _module_preset=&#8221;default&#8221; hover_enabled=&#8221;0&#8243; global_colors_info=&#8221;{}&#8221; sticky_enabled=&#8221;0&#8243;][et_pb_column type=&#8221;4_4&#8243; _builder_version=&#8221;4.20.0&#8243; _module_preset=&#8221;default&#8221; global_colors_info=&#8221;{}&#8221;][et_pb_text _builder_version=&#8221;4.18.0&#8243; _module_preset=&#8221;07137001-936b-4416-931c-aafb54bed07b&#8221; hover_enabled=&#8221;0&#8243; global_colors_info=&#8221;{}&#8221; sticky_enabled=&#8221;0&#8243;]<\/p>\n<p><em>Wiecz\u00f3r panie\u0144ski to wyj\u0105tkowa okazja do celebrowania przyja\u017ani i przysz\u0142ego ma\u0142\u017ce\u0144stwa. Wynaj\u0119cie lokalu daje mo\u017cliwo\u015b\u0107 stworzenia niezapomnianej atmosfery i zorganizowania r\u00f3\u017cnorodnych atrakcji. Oto pi\u0119\u0107 pomys\u0142\u00f3w na niezapomniany wiecz\u00f3r panie\u0144ski w wynaj\u0119tym lokalu:<\/em><\/p>\n<p>[\/et_pb_text][\/et_pb_column][\/et_pb_row][et_pb_row _builder_version=&#8221;4.18.0&#8243; _module_preset=&#8221;default&#8221; hover_enabled=&#8221;0&#8243; global_colors_info=&#8221;{}&#8221; sticky_enabled=&#8221;0&#8243;][et_pb_column type=&#8221;4_4&#8243; _builder_version=&#8221;4.20.0&#8243; _module_preset=&#8221;default&#8221; global_colors_info=&#8221;{}&#8221;][et_pb_text _builder_version=&#8221;4.18.0&#8243; _module_preset=&#8221;default&#8221; hover_enabled=&#8221;0&#8243; sticky_enabled=&#8221;0&#8243;]<\/p>\n<p><strong><em>1. Biesiada w Wynaj\u0119tym Miejscu: Odkryj Zalety Organizacji Imprezy w Lokalu<\/em><\/strong><\/p>\n<ul>\n<li>Przygotujcie uczt\u0119 dla podniebienia w wynaj\u0119tym lokalu, ciesz\u0105c si\u0119 korzy\u015bciami intymno\u015bci i swobody.<\/li>\n<li>Serwujcie pyszne potrawy i przek\u0105ski, kt\u00f3re rozbudz\u0105 podniebienia wszystkich uczestniczek wieczoru.<\/li>\n<li>Zapewnijcie wystarczaj\u0105co du\u017co miejsca na ta\u0144ce i zabaw\u0119, dzi\u0119ki czemu nikt nie b\u0119dzie musia\u0142 si\u0119 martwi\u0107 o ograniczon\u0105 przestrze\u0144.<\/li>\n<\/ul>\n<p>[\/et_pb_text][et_pb_text _builder_version=&#8221;4.18.0&#8243; _module_preset=&#8221;default&#8221; hover_enabled=&#8221;0&#8243; sticky_enabled=&#8221;0&#8243;]<\/p>\n<p><strong>2.Wiecz\u00f3r Show i Rozrywki: Unikalne Atrakcje w Lokalu, kt\u00f3re Sprawi\u0105, \u017ce Wiecz\u00f3r Panie\u0144ski B\u0119dzie Niezapomniany<\/strong><\/p>\n<ul>\n<li>Wynajmijcie lokal gdzie zaprosicie profesjonalnego ta\u0144cerza, stand-up comedy czy pokaz ta\u0144ca.<\/li>\n<li>Skorzystajcie z przestrzeni, aby zorganizowa\u0107 w\u0142asne talenty show, daj\u0105c szans\u0119 ka\u017cdej uczestniczce zaprezentowa\u0107 swoje umiej\u0119tno\u015bci.<\/li>\n<li>Zaprojektujcie tematyczne dekoracje i rekwizyty, kt\u00f3re urozmaic\u0105 wyst\u0119py i dodadz\u0105 imprezie charakteru.<\/li>\n<\/ul>\n<ul><\/ul>\n<p>[\/et_pb_text][et_pb_text _builder_version=&#8221;4.18.0&#8243; _module_preset=&#8221;default&#8221; hover_enabled=&#8221;0&#8243; sticky_enabled=&#8221;0&#8243;]<\/p>\n<p><strong>3.Wiecz\u00f3r Ta\u0144ca i Zabawy: Wybierzcie Lokal z Profesjonaln\u0105 Salk\u0105 Taneczn\u0105 i Ta\u0144czcie do Upad\u0142ego<\/strong><\/p>\n<p>Znajd\u017acie lokal z profesjonaln\u0105 salk\u0105 taneczn\u0105, gdzie b\u0119dziecie mog\u0142y ta\u0144czy\u0107 do woli bez ogranicze\u0144 przestrzeni.<br \/>Wynajmijcie instruktora ta\u0144ca, aby nauczy\u0142 Was r\u00f3\u017cnych styl\u00f3w tanecznych i prowadzi\u0142 przyjemne lekcje grupowe.<br \/>Przygotujcie wykwintne przek\u0105ski i drinki, kt\u00f3re dodadz\u0105 energii i jeszcze wi\u0119kszej zabawy na parkiecie.<\/p>\n<ul><\/ul>\n<p>[\/et_pb_text][\/et_pb_column][\/et_pb_row][et_pb_row _builder_version=&#8221;4.18.0&#8243; _module_preset=&#8221;default&#8221; hover_enabled=&#8221;0&#8243; global_colors_info=&#8221;{}&#8221; sticky_enabled=&#8221;0&#8243;][et_pb_column type=&#8221;4_4&#8243; _builder_version=&#8221;4.20.0&#8243; _module_preset=&#8221;default&#8221; global_colors_info=&#8221;{}&#8221;][et_pb_text _builder_version=&#8221;4.18.0&#8243; _module_preset=&#8221;07137001-936b-4416-931c-aafb54bed07b&#8221; hover_enabled=&#8221;0&#8243; global_colors_info=&#8221;{}&#8221; sticky_enabled=&#8221;0&#8243;]<\/p>\n<p><strong>4. Impreza Niespodzianka<\/strong>: Wynajmijcie jeden z naszych lokali\u00a0 <a href=\"stacjaimpreza.eu\">stacja impreza<\/a> lub <a href=\"laundromat.com.pl\">laundromat<\/a> na imprez\u0119 w sekrecie ,tak by panna m\u0142oda o niczym nie wiedzia\u0142a i zabierz j\u0105 do przygotowanego wcze\u015bniej lokalu pod dobrym pretekstem\u00a0!<\/p>\n<p>[\/et_pb_text][et_pb_text _builder_version=&#8221;4.18.0&#8243; _module_preset=&#8221;07137001-936b-4416-931c-aafb54bed07b&#8221; hover_enabled=&#8221;0&#8243; global_colors_info=&#8221;{}&#8221; sticky_enabled=&#8221;0&#8243;]<\/p>\n<p><span>\u00a05.<strong>Zorganizujcie sesje<\/strong> :Niecz\u0119sto wszystkie kole\u017canki i przyjaci\u00f3\u0142ki spotykaj\u0105 si\u0119 razem ..W\u0142a\u015bnie dlatego tak\u0105 sesj\u0119 mo\u017cna zorganizowa\u0107 w trakcie wieczoru panie\u0144skiego. Na cz\u0119\u015bci zdj\u0119\u0107 mog\u0105 znale\u017a\u0107 si\u0119 wszystkie uczestniczki, a na cz\u0119\u015bci sama panna m\u0142oda<\/span><\/p>\n<p>[\/et_pb_text][\/et_pb_column][\/et_pb_row][et_pb_row column_structure=&#8221;3_5,2_5&#8243; _builder_version=&#8221;4.20.0&#8243; _module_preset=&#8221;default&#8221; global_colors_info=&#8221;{}&#8221;][et_pb_column type=&#8221;3_5&#8243; _builder_version=&#8221;4.20.0&#8243; _module_preset=&#8221;default&#8221; global_colors_info=&#8221;{}&#8221;][\/et_pb_column][et_pb_column type=&#8221;2_5&#8243; _builder_version=&#8221;4.20.0&#8243; _module_preset=&#8221;default&#8221; global_colors_info=&#8221;{}&#8221;][\/et_pb_column][\/et_pb_row][\/et_pb_section]<\/p>\n","protected":false},"excerpt":{"rendered":"<p>Event Coordinator 5 Fantastycznych Pomys\u0142\u00f3w na Wiecz\u00f3r Panie\u0144ski\u00a0 Wiecz\u00f3r panie\u0144ski to wyj\u0105tkowa okazja do celebrowania przyja\u017ani i przysz\u0142ego ma\u0142\u017ce\u0144stwa. Wynaj\u0119cie lokalu daje mo\u017cliwo\u015b\u0107 stworzenia niezapomnianej atmosfery i zorganizowania r\u00f3\u017cnorodnych atrakcji. Oto pi\u0119\u0107 pomys\u0142\u00f3w na niezapomniany wiecz\u00f3r panie\u0144ski w wynaj\u0119tym lokalu:1. Biesiada w Wynaj\u0119tym Miejscu: Odkryj Zalety Organizacji Imprezy w Lokalu Przygotujcie uczt\u0119 dla podniebienia w [&hellip;]<\/p>\n","protected":false},"author":1,"featured_media":0,"parent":0,"menu_order":0,"comment_status":"closed","ping_status":"closed","template":"","meta":{"_et_pb_use_builder":"on","_et_pb_old_content":"<!-- wp:divi\/placeholder \/-->","_et_gb_content_width":"","footnotes":""},"class_list":["post-2317","page","type-page","status-publish","hentry"],"aioseo_notices":[],"_links":{"self":[{"href":"https:\/\/stacjaimpreza.eu\/index.php?rest_route=\/wp\/v2\/pages\/2317","targetHints":{"allow":["GET"]}}],"collection":[{"href":"https:\/\/stacjaimpreza.eu\/index.php?rest_route=\/wp\/v2\/pages"}],"about":[{"href":"https:\/\/stacjaimpreza.eu\/index.php?rest_route=\/wp\/v2\/types\/page"}],"author":[{"embeddable":true,"href":"https:\/\/stacjaimpreza.eu\/index.php?rest_route=\/wp\/v2\/users\/1"}],"replies":[{"embeddable":true,"href":"https:\/\/stacjaimpreza.eu\/index.php?rest_route=%2Fwp%2Fv2%2Fcomments&post=2317"}],"version-history":[{"count":6,"href":"https:\/\/stacjaimpreza.eu\/index.php?rest_route=\/wp\/v2\/pages\/2317\/revisions"}],"predecessor-version":[{"id":2447,"href":"https:\/\/stacjaimpreza.eu\/index.php?rest_route=\/wp\/v2\/pages\/2317\/revisions\/2447"}],"wp:attachment":[{"href":"https:\/\/stacjaimpreza.eu\/index.php?rest_route=%2Fwp%2Fv2%2Fmedia&parent=2317"}],"curies":[{"name":"wp","href":"https:\/\/api.w.org\/{rel}","templated":true}]}}