


{"id":2315,"date":"2023-06-27T14:36:44","date_gmt":"2023-06-27T14:36:44","guid":{"rendered":"http:\/\/stacjaimpreza.eu\/?page_id=2315"},"modified":"2023-06-30T15:00:59","modified_gmt":"2023-06-30T15:00:59","slug":"wieczor-kawalerski","status":"publish","type":"page","link":"https:\/\/stacjaimpreza.eu\/?page_id=2315","title":{"rendered":"Wiecz\u00f3r kawalerski"},"content":{"rendered":"<p>[et_pb_section fb_built=&#8221;1&#8243; admin_label=&#8221;Header&#8221; _builder_version=&#8221;4.20.0&#8243; _module_preset=&#8221;default&#8221; background_color=&#8221;gcid-05864f7b-18b4-424d-8937-0b09a7c6a082&#8243; background_image=&#8221;https:\/\/stacjaimpreza.eu\/wp-content\/uploads\/2023\/06\/event-coordinator-23b.png&#8221; parallax=&#8221;on&#8221; collapsed=&#8221;on&#8221; global_colors_info=&#8221;{%22gcid-05864f7b-18b4-424d-8937-0b09a7c6a082%22:%91%22background_color%22%93}&#8221;][et_pb_row _builder_version=&#8221;4.20.0&#8243; _module_preset=&#8221;default&#8221; hover_enabled=&#8221;0&#8243; global_colors_info=&#8221;{}&#8221; sticky_enabled=&#8221;0&#8243;][et_pb_column type=&#8221;4_4&#8243; _builder_version=&#8221;4.20.0&#8243; _module_preset=&#8221;default&#8221; global_colors_info=&#8221;{}&#8221;][et_pb_text _builder_version=&#8221;4.20.0&#8243; _module_preset=&#8221;bd5c0f43-2af1-421e-993c-4eb7e394b79a&#8221; global_colors_info=&#8221;{}&#8221;]<\/p>\n<h4>Event Coordinator<\/h4>\n<p>[\/et_pb_text][et_pb_text _builder_version=&#8221;4.20.0&#8243; _module_preset=&#8221;26110174-2508-4ad8-8dca-d89ff4f94f1a&#8221; locked=&#8221;off&#8221; global_colors_info=&#8221;{}&#8221;]<\/p>\n<h1><span>10 powod\u00f3w, dlaczego warto wynaj\u0105\u0107 lokal na wiecz\u00f3r kawalerski zamiast organizowa\u0107 go w mieszkaniu:<\/span><\/h1>\n<p>[\/et_pb_text][\/et_pb_column][\/et_pb_row][et_pb_row column_structure=&#8221;3_5,2_5&#8243; _builder_version=&#8221;4.20.0&#8243; _module_preset=&#8221;default&#8221; global_colors_info=&#8221;{}&#8221;][et_pb_column type=&#8221;3_5&#8243; _builder_version=&#8221;4.20.0&#8243; _module_preset=&#8221;default&#8221; global_colors_info=&#8221;{}&#8221;][et_pb_text _builder_version=&#8221;4.20.0&#8243; _module_preset=&#8221;07137001-936b-4416-931c-aafb54bed07b&#8221; global_colors_info=&#8221;{}&#8221; custom_padding=&#8221;0px|||||&#8221; custom_margin=&#8221;|-392px||||&#8221;]<\/p>\n<p><span>1.<strong>Wyj\u0105tkowa atmosfera<\/strong><\/span><\/p>\n<p><span>Wynajmuj\u0105c nasz\u00a0 lokal na wiecz\u00f3r kawalerski, mo\u017cesz stworzy\u0107 wyj\u0105tkow\u0105 atmosfer\u0119, kt\u00f3ra jest trudna do osi\u0105gni\u0119cia w zwyk\u0142ym mieszkaniu. Specjalnie przygotowany lokal zapewni odpowiednie otoczenie, kt\u00f3re b\u0119dzie idealne dla tego wyj\u0105tkowego wieczoru, muzyk\u0119 mo\u017cna w\u0142\u0105czy\u0107 na pe\u0142en regulator bez obaw o odwiedziny przedstawiciela\u00a0 w\u0142adzy .<\/span><\/p>\n<p>[\/et_pb_text][\/et_pb_column][et_pb_column type=&#8221;2_5&#8243; _builder_version=&#8221;4.20.0&#8243; _module_preset=&#8221;default&#8221; global_colors_info=&#8221;{}&#8221;][\/et_pb_column][\/et_pb_row][et_pb_row column_structure=&#8221;3_5,2_5&#8243; _builder_version=&#8221;4.20.0&#8243; _module_preset=&#8221;default&#8221; global_colors_info=&#8221;{}&#8221;][et_pb_column type=&#8221;3_5&#8243; _builder_version=&#8221;4.20.0&#8243; _module_preset=&#8221;default&#8221; global_colors_info=&#8221;{}&#8221;][et_pb_text _builder_version=&#8221;4.18.0&#8243; _module_preset=&#8221;07137001-936b-4416-931c-aafb54bed07b&#8221; global_colors_info=&#8221;{}&#8221;]<\/p>\n<p><span>2.<strong>Wygoda dla wszystkich:<\/strong><\/span><\/p>\n<p><span> Mieszkanie cz\u0119sto jest ograniczone pod wzgl\u0119dem przestrzeni, co mo\u017ce utrudnia\u0107 swobodne poruszanie si\u0119 i zabaw\u0119. Wynaj\u0119cie odpowiedniego lokalu na kawalerski pozwoli zapewni\u0107 wygod\u0119 dla wszystkich uczestnik\u00f3w, co przek\u0142ada si\u0119 na lepsz\u0105 zabaw\u0119.<\/span><\/p>\n<p>[\/et_pb_text][\/et_pb_column][et_pb_column type=&#8221;2_5&#8243; _builder_version=&#8221;4.20.0&#8243; _module_preset=&#8221;default&#8221; global_colors_info=&#8221;{}&#8221;][\/et_pb_column][\/et_pb_row][et_pb_row column_structure=&#8221;3_5,2_5&#8243; _builder_version=&#8221;4.20.0&#8243; _module_preset=&#8221;default&#8221; global_colors_info=&#8221;{}&#8221;][et_pb_column type=&#8221;3_5&#8243; _builder_version=&#8221;4.20.0&#8243; _module_preset=&#8221;default&#8221; global_colors_info=&#8221;{}&#8221;][et_pb_text _builder_version=&#8221;4.18.0&#8243; _module_preset=&#8221;07137001-936b-4416-931c-aafb54bed07b&#8221; global_colors_info=&#8221;{}&#8221;]<\/p>\n<p>3.<span><strong>Profesjonalne wyposa\u017cenie:<\/strong><\/span><\/p>\n<p><span> Nasz lokale na imprezy Stacja Impreza Gdynia posiada profesjonalne wyposa\u017cenie, kt\u00f3re umo\u017cliwia organizacj\u0119 r\u00f3\u017cnorodnych atrakcji i gier. To znacznie u\u0142atwi zaplanowanie wieczoru i zapewni dodatkowe mo\u017cliwo\u015bci zabawy.<\/span><\/p>\n<p>[\/et_pb_text][\/et_pb_column][et_pb_column type=&#8221;2_5&#8243; _builder_version=&#8221;4.20.0&#8243; _module_preset=&#8221;default&#8221; global_colors_info=&#8221;{}&#8221;][\/et_pb_column][\/et_pb_row][et_pb_row column_structure=&#8221;3_5,2_5&#8243; _builder_version=&#8221;4.20.0&#8243; _module_preset=&#8221;default&#8221; global_colors_info=&#8221;{}&#8221;][et_pb_column type=&#8221;3_5&#8243; _builder_version=&#8221;4.20.0&#8243; _module_preset=&#8221;default&#8221; global_colors_info=&#8221;{}&#8221;][et_pb_text _builder_version=&#8221;4.20.0&#8243; _module_preset=&#8221;07137001-936b-4416-931c-aafb54bed07b&#8221; global_colors_info=&#8221;{}&#8221;]<\/p>\n<p><span>4.<strong>Bezpiecze\u0144stwo i prywatno\u015b\u0107:<\/strong><\/span><\/p>\n<p><span> Organizuj\u0105c wiecz\u00f3r kawalerski w wynaj\u0119tym lokalu, masz wi\u0119ksz\u0105 kontrol\u0119 nad bezpiecze\u0144stwem i prywatno\u015bci\u0105 uczestnik\u00f3w. Nie musisz martwi\u0107 si\u0119 o zak\u0142\u00f3canie spokoju s\u0105siad\u00f3w czy przypadkowe wtargni\u0119cie os\u00f3b niezaproszonych.<\/span><\/p>\n<p>[\/et_pb_text][\/et_pb_column][et_pb_column type=&#8221;2_5&#8243; _builder_version=&#8221;4.20.0&#8243; _module_preset=&#8221;default&#8221; global_colors_info=&#8221;{}&#8221;][\/et_pb_column][\/et_pb_row][et_pb_row column_structure=&#8221;3_5,2_5&#8243; _builder_version=&#8221;4.20.0&#8243; _module_preset=&#8221;default&#8221; global_colors_info=&#8221;{}&#8221;][et_pb_column type=&#8221;3_5&#8243; _builder_version=&#8221;4.20.0&#8243; _module_preset=&#8221;default&#8221; global_colors_info=&#8221;{}&#8221;][et_pb_text _builder_version=&#8221;4.20.0&#8243; _module_preset=&#8221;07137001-936b-4416-931c-aafb54bed07b&#8221; global_colors_info=&#8221;{}&#8221;]<\/p>\n<p><span>5<strong>.Unikni\u0119cie ba\u0142aganu:<\/strong> <\/span><\/p>\n<p><span>Wiecz\u00f3r kawalerski to cz\u0119sto czas intensywnej zabawy, kt\u00f3ra mo\u017ce wi\u0105za\u0107 si\u0119 z ba\u0142aganem i nieporz\u0105dkiem. Wynaj\u0119cie\u00a0 stacji imprezy lub <a href=\"https:\/\/laundromat.com.pl\/\">Laundromatu<\/a> pozwoli unikn\u0105\u0107 zniszcze\u0144 lub niepo\u017c\u0105danych sytuacji, kt\u00f3re mog\u0105 si\u0119 zdarzy\u0107 w prywatnym mieszkaniu.<\/span><\/p>\n<p>[\/et_pb_text][\/et_pb_column][et_pb_column type=&#8221;2_5&#8243; _builder_version=&#8221;4.20.0&#8243; _module_preset=&#8221;default&#8221; global_colors_info=&#8221;{}&#8221;][\/et_pb_column][\/et_pb_row][et_pb_row column_structure=&#8221;3_5,2_5&#8243; _builder_version=&#8221;4.20.0&#8243; _module_preset=&#8221;default&#8221; global_colors_info=&#8221;{}&#8221;][et_pb_column type=&#8221;3_5&#8243; _builder_version=&#8221;4.20.0&#8243; _module_preset=&#8221;default&#8221; global_colors_info=&#8221;{}&#8221;][et_pb_text _builder_version=&#8221;4.20.0&#8243; _module_preset=&#8221;07137001-936b-4416-931c-aafb54bed07b&#8221; global_colors_info=&#8221;{}&#8221; custom_padding=&#8221;0px|||||&#8221;]<\/p>\n<p><span>6.<strong>Wi\u0119ksza pojemno\u015b\u0107: <\/strong>Je\u015bli spodziewasz si\u0119 wi\u0119kszej liczby go\u015bci na wiecz\u00f3r kawalerski, wynajem lokalu zapewni odpowiedni\u0105 pojemno\u015b\u0107, aby wszyscy mogli swobodnie si\u0119 bawi\u0107. Nie b\u0119dzie potrzeby ciasnego wciskania si\u0119 w ma\u0142ej przestrzeni mieszkania.<\/span><\/p>\n<p>[\/et_pb_text][\/et_pb_column][et_pb_column type=&#8221;2_5&#8243; _builder_version=&#8221;4.20.0&#8243; _module_preset=&#8221;default&#8221; global_colors_info=&#8221;{}&#8221;][\/et_pb_column][\/et_pb_row][et_pb_row column_structure=&#8221;3_5,2_5&#8243; _builder_version=&#8221;4.20.0&#8243; _module_preset=&#8221;default&#8221; global_colors_info=&#8221;{}&#8221;][et_pb_column type=&#8221;3_5&#8243; _builder_version=&#8221;4.20.0&#8243; _module_preset=&#8221;default&#8221; global_colors_info=&#8221;{}&#8221;][et_pb_text _builder_version=&#8221;4.20.0&#8243; _module_preset=&#8221;07137001-936b-4416-931c-aafb54bed07b&#8221; global_colors_info=&#8221;{}&#8221;]<\/p>\n<p>7.<span><strong>\u0141atwiejsza organizacja<\/strong>: Wynaj\u0119cie lokalu na imprez\u0119 cz\u0119sto idzie w parze z profesjonaln\u0105 obs\u0142ug\u0105, kt\u00f3ra pomo\u017ce w organizacji wieczoru. Mo\u017cesz skorzysta\u0107 z pomocy pracownik\u00f3w lokalu, kt\u00f3rzy doradz\u0105 w kwestii atrakcji, menu czy dekoracji.<\/span><\/p>\n<p>[\/et_pb_text][\/et_pb_column][et_pb_column type=&#8221;2_5&#8243; _builder_version=&#8221;4.20.0&#8243; _module_preset=&#8221;default&#8221; global_colors_info=&#8221;{}&#8221;][\/et_pb_column][\/et_pb_row][et_pb_row column_structure=&#8221;3_5,2_5&#8243; _builder_version=&#8221;4.20.0&#8243; _module_preset=&#8221;default&#8221; global_colors_info=&#8221;{}&#8221;][et_pb_column type=&#8221;3_5&#8243; _builder_version=&#8221;4.20.0&#8243; _module_preset=&#8221;default&#8221; global_colors_info=&#8221;{}&#8221;][et_pb_text _builder_version=&#8221;4.20.0&#8243; _module_preset=&#8221;07137001-936b-4416-931c-aafb54bed07b&#8221; global_colors_info=&#8221;{}&#8221;]<\/p>\n<p><span>8.<strong>Mo\u017cliwo\u015b\u0107 tematyzacji<\/strong>: Wynaj\u0119cie lokalu na wiecz\u00f3r kawalerski daje r\u00f3wnie\u017c mo\u017cliwo\u015b\u0107 tematyzacji imprezy. Mo\u017cesz dostosowa\u0107 wystr\u00f3j i atmosfer\u0119 do preferencji przysz\u0142ego pana m\u0142odego, tworz\u0105c niezapomnian\u0105 i spersonalizowan\u0105 imprez\u0119.<\/span><\/p>\n<p>[\/et_pb_text][\/et_pb_column][et_pb_column type=&#8221;2_5&#8243; _builder_version=&#8221;4.20.0&#8243; _module_preset=&#8221;default&#8221; global_colors_info=&#8221;{}&#8221;][\/et_pb_column][\/et_pb_row][et_pb_row column_structure=&#8221;3_5,2_5&#8243; _builder_version=&#8221;4.20.0&#8243; _module_preset=&#8221;default&#8221; global_colors_info=&#8221;{}&#8221;][et_pb_column type=&#8221;3_5&#8243; _builder_version=&#8221;4.20.0&#8243; _module_preset=&#8221;default&#8221; global_colors_info=&#8221;{}&#8221;][et_pb_text _builder_version=&#8221;4.20.0&#8243; _module_preset=&#8221;07137001-936b-4416-931c-aafb54bed07b&#8221; global_colors_info=&#8221;{}&#8221;]<\/p>\n<p><span>9<strong>.Dogodna lokalizacja:<\/strong> Stacja Impreza jak i Laundromat znajduj\u0105\u00a0 si\u0119 w dogodnej lokalizacjach, \u0142atwo dost\u0119pnych dla wszystkich uczestnik\u00f3w. Niezale\u017cnie od tego, czy mieszkasz w Gdyni czy Gda\u0144sku, mo\u017cesz znale\u017a\u0107 lokal w odpowiedniej lokalizacji.<\/span><\/p>\n<p>[\/et_pb_text][\/et_pb_column][et_pb_column type=&#8221;2_5&#8243; _builder_version=&#8221;4.20.0&#8243; _module_preset=&#8221;default&#8221; global_colors_info=&#8221;{}&#8221;][\/et_pb_column][\/et_pb_row][et_pb_row column_structure=&#8221;3_5,2_5&#8243; _builder_version=&#8221;4.20.0&#8243; _module_preset=&#8221;default&#8221; global_colors_info=&#8221;{}&#8221;][et_pb_column type=&#8221;3_5&#8243; _builder_version=&#8221;4.20.0&#8243; _module_preset=&#8221;default&#8221; global_colors_info=&#8221;{}&#8221;][et_pb_text _builder_version=&#8221;4.18.0&#8243; _module_preset=&#8221;07137001-936b-4416-931c-aafb54bed07b&#8221; global_colors_info=&#8221;{}&#8221;]<\/p>\n<p><span>10.<strong>Pe\u0142na swoboda do bawienia si\u0119:<\/strong> Wynaj\u0119cie lokalu na wiecz\u00f3r kawalerski daje pe\u0142n\u0105 swobod\u0119 w organizacji atrakcji i zabaw. Nie musisz ogranicza\u0107 si\u0119 do zwyk\u0142ego mieszkania &#8211; mo\u017cesz zorganizowa\u0107 karaoke, konkursy, sto\u0142y do gry czy nawet wynaj\u0105\u0107 catering.<\/span><\/p>\n<p>[\/et_pb_text][\/et_pb_column][et_pb_column type=&#8221;2_5&#8243; _builder_version=&#8221;4.20.0&#8243; _module_preset=&#8221;default&#8221; global_colors_info=&#8221;{}&#8221;][\/et_pb_column][\/et_pb_row][\/et_pb_section][et_pb_section fb_built=&#8221;1&#8243; admin_label=&#8221;Event&#8221; _builder_version=&#8221;4.20.0&#8243; _module_preset=&#8221;default&#8221; background_color=&#8221;gcid-05864f7b-18b4-424d-8937-0b09a7c6a082&#8243; collapsed=&#8221;on&#8221; global_colors_info=&#8221;{%22gcid-05864f7b-18b4-424d-8937-0b09a7c6a082%22:%91%22background_color%22%93}&#8221;][et_pb_row _builder_version=&#8221;4.20.0&#8243; _module_preset=&#8221;default&#8221; global_colors_info=&#8221;{}&#8221;][et_pb_column type=&#8221;4_4&#8243; _builder_version=&#8221;4.20.0&#8243; _module_preset=&#8221;default&#8221; global_colors_info=&#8221;{}&#8221;][\/et_pb_column][\/et_pb_row][et_pb_row _builder_version=&#8221;4.20.0&#8243; _module_preset=&#8221;default&#8221; global_colors_info=&#8221;{}&#8221;][et_pb_column type=&#8221;4_4&#8243; _builder_version=&#8221;4.20.0&#8243; _module_preset=&#8221;default&#8221; global_colors_info=&#8221;{}&#8221;][et_pb_image src=&#8221;https:\/\/stacjaimpreza.eu\/wp-content\/uploads\/2023\/06\/event-coordinator-18.png&#8221; title_text=&#8221;event-08&#8243; _builder_version=&#8221;4.20.0&#8243; _module_preset=&#8221;default&#8221; background_image=&#8221;https:\/\/stacjaimpreza.eu\/wp-content\/uploads\/2023\/06\/event-08.jpg&#8221; global_colors_info=&#8221;{}&#8221;][\/et_pb_image][\/et_pb_column][\/et_pb_row][\/et_pb_section]<\/p>\n","protected":false},"excerpt":{"rendered":"<p>Event Coordinator10 powod\u00f3w, dlaczego warto wynaj\u0105\u0107 lokal na wiecz\u00f3r kawalerski zamiast organizowa\u0107 go w mieszkaniu:1.Wyj\u0105tkowa atmosfera Wynajmuj\u0105c nasz\u00a0 lokal na wiecz\u00f3r kawalerski, mo\u017cesz stworzy\u0107 wyj\u0105tkow\u0105 atmosfer\u0119, kt\u00f3ra jest trudna do osi\u0105gni\u0119cia w zwyk\u0142ym mieszkaniu. Specjalnie przygotowany lokal zapewni odpowiednie otoczenie, kt\u00f3re b\u0119dzie idealne dla tego wyj\u0105tkowego wieczoru, muzyk\u0119 mo\u017cna w\u0142\u0105czy\u0107 na pe\u0142en regulator bez obaw [&hellip;]<\/p>\n","protected":false},"author":1,"featured_media":0,"parent":0,"menu_order":0,"comment_status":"closed","ping_status":"closed","template":"","meta":{"_et_pb_use_builder":"on","_et_pb_old_content":"<!-- wp:divi\/placeholder \/-->","_et_gb_content_width":"","footnotes":""},"class_list":["post-2315","page","type-page","status-publish","hentry"],"aioseo_notices":[],"_links":{"self":[{"href":"https:\/\/stacjaimpreza.eu\/index.php?rest_route=\/wp\/v2\/pages\/2315","targetHints":{"allow":["GET"]}}],"collection":[{"href":"https:\/\/stacjaimpreza.eu\/index.php?rest_route=\/wp\/v2\/pages"}],"about":[{"href":"https:\/\/stacjaimpreza.eu\/index.php?rest_route=\/wp\/v2\/types\/page"}],"author":[{"embeddable":true,"href":"https:\/\/stacjaimpreza.eu\/index.php?rest_route=\/wp\/v2\/users\/1"}],"replies":[{"embeddable":true,"href":"https:\/\/stacjaimpreza.eu\/index.php?rest_route=%2Fwp%2Fv2%2Fcomments&post=2315"}],"version-history":[{"count":4,"href":"https:\/\/stacjaimpreza.eu\/index.php?rest_route=\/wp\/v2\/pages\/2315\/revisions"}],"predecessor-version":[{"id":2444,"href":"https:\/\/stacjaimpreza.eu\/index.php?rest_route=\/wp\/v2\/pages\/2315\/revisions\/2444"}],"wp:attachment":[{"href":"https:\/\/stacjaimpreza.eu\/index.php?rest_route=%2Fwp%2Fv2%2Fmedia&parent=2315"}],"curies":[{"name":"wp","href":"https:\/\/api.w.org\/{rel}","templated":true}]}}